{"id":1437,"date":"2021-08-01T10:07:00","date_gmt":"2021-08-01T10:07:00","guid":{"rendered":"https:\/\/www.donnedusens.fr\/conseil-conjugal-familial\/?page_id=1437"},"modified":"2021-08-05T17:16:09","modified_gmt":"2021-08-05T17:16:09","slug":"cgv","status":"publish","type":"page","link":"https:\/\/www.donnedusens.fr\/conseil-conjugal-familial\/cgv\/","title":{"rendered":"cgv"},"content":{"rendered":"\t\t<div data-elementor-type=\"wp-page\" data-elementor-id=\"1437\" class=\"elementor elementor-1437\">\n\t\t\t\t\t\t<section class=\"elementor-section elementor-top-section elementor-element elementor-element-3c2b8e17 elementor-section-full_width elementor-section-height-default elementor-section-height-default\" data-id=\"3c2b8e17\" data-element_type=\"section\" data-e-type=\"section\" data-settings=\"{&quot;background_background&quot;:&quot;classic&quot;}\">\n\t\t\t\t\t\t<div class=\"elementor-container elementor-column-gap-default\">\n\t\t\t\t\t<div class=\"elementor-column elementor-col-100 elementor-top-column elementor-element elementor-element-f77abe9\" data-id=\"f77abe9\" data-element_type=\"column\" data-e-type=\"column\">\n\t\t\t<div class=\"elementor-widget-wrap elementor-element-populated\">\n\t\t\t\t\t\t<div class=\"elementor-element elementor-element-4aabc7d elementor-widget elementor-widget-html\" data-id=\"4aabc7d\" data-element_type=\"widget\" data-e-type=\"widget\" data-widget_type=\"html.default\">\n\t\t\t\t<div class=\"elementor-widget-container\">\n\t\t\t\t\t        <script type=\"text\/javascript\" src=\"\/tarteaucitron\/tarteaucitron.js\"><\/script>\r\n\r\n        <script type=\"text\/javascript\">\r\n        tarteaucitron.init({\r\n    \t  \"privacyUrl\": \"https:\/\/www.donnedusens.fr\/conseil-conjugal-familial\/pdc\/\", \/* Privacy policy url *\/\r\n\r\n    \t  \"hashtag\": \"#tarteaucitron\", \/* Open the panel with this hashtag *\/\r\n    \t  \"cookieName\": \"tarteaucitron\", \/* Cookie name *\/\r\n    \r\n    \t  \"orientation\": \"middle\", \/* Banner position (top - bottom) *\/\r\n       \r\n          \"groupServices\": false, \/* Group services by category *\/\r\n                           \r\n    \t  \"showAlertSmall\": false, \/* Show the small banner on bottom right *\/\r\n    \t  \"cookieslist\": false, \/* Show the cookie list *\/\r\n                           \r\n          \"closePopup\": false, \/* Show a close X on the banner *\/\r\n\r\n          \"showIcon\": true, \/* Show cookie icon to manage cookies *\/\r\n          \/\/\"iconSrc\": \"\", \/* Optionnal: URL or base64 encoded image *\/\r\n          \"iconPosition\": \"BottomRight\", \/* BottomRight, BottomLeft, TopRight and TopLeft *\/\r\n\r\n    \t  \"adblocker\": false, \/* Show a Warning if an adblocker is detected *\/\r\n                           \r\n          \"DenyAllCta\" : true, \/* Show the deny all button *\/\r\n          \"AcceptAllCta\" : true, \/* Show the accept all button when highPrivacy on *\/\r\n          \"highPrivacy\": true, \/* HIGHLY RECOMMANDED Disable auto consent *\/\r\n                           \r\n    \t  \"handleBrowserDNTRequest\": false, \/* If Do Not Track == 1, disallow all *\/\r\n\r\n    \t  \"removeCredit\": false, \/* Remove credit link *\/\r\n    \t  \"moreInfoLink\": true, \/* Show more info link *\/\r\n\r\n          \"useExternalCss\": false, \/* If false, the tarteaucitron.css file will be loaded *\/\r\n          \"useExternalJs\": false, \/* If false, the tarteaucitron.js file will be loaded *\/\r\n\r\n    \t  \/\/\"cookieDomain\": \".my-multisite-domaine.fr\", \/* Shared cookie for multisite *\/\r\n                          \r\n          \"readmoreLink\": \"\", \/* Change the default readmore link *\/\r\n\r\n          \"mandatory\": true, \/* Show a message about mandatory cookies *\/\r\n        });\r\n        <\/script>\t\t\t\t<\/div>\n\t\t\t\t<\/div>\n\t\t\t\t<div class=\"elementor-element elementor-element-36c5b8d0 elementor-widget elementor-widget-nav-menu\" data-id=\"36c5b8d0\" data-element_type=\"widget\" data-e-type=\"widget\" data-widget_type=\"nav-menu.default\">\n\t\t\t\t<div class=\"elementor-widget-container\">\n\t\t\t\t\t \t\t\t\t<\/div>\n\t\t\t\t<\/div>\n\t\t\t\t\t<\/div>\n\t\t<\/div>\n\t\t\t\t\t<\/div>\n\t\t<\/section>\n\t\t\t\t<section class=\"elementor-section elementor-top-section elementor-element elementor-element-70ff112 elementor-section-boxed elementor-section-height-default elementor-section-height-default\" data-id=\"70ff112\" data-element_type=\"section\" data-e-type=\"section\">\n\t\t\t\t\t\t<div class=\"elementor-container elementor-column-gap-default\">\n\t\t\t\t\t<div class=\"elementor-column elementor-col-100 elementor-top-column elementor-element elementor-element-a703850\" data-id=\"a703850\" data-element_type=\"column\" data-e-type=\"column\">\n\t\t\t<div class=\"elementor-widget-wrap elementor-element-populated\">\n\t\t\t\t\t\t<div class=\"elementor-element elementor-element-5286c39 elementor-widget elementor-widget-heading\" data-id=\"5286c39\" data-element_type=\"widget\" data-e-type=\"widget\" data-widget_type=\"heading.default\">\n\t\t\t\t<div class=\"elementor-widget-container\">\n\t\t\t\t\t<h2 class=\"elementor-heading-title elementor-size-default\"><strong>CONDITIONS G\u00c9N\u00c9RALES DE VENTE<\/strong><\/h2>\t\t\t\t<\/div>\n\t\t\t\t<\/div>\n\t\t\t\t<div class=\"elementor-element elementor-element-c6d21a2 elementor-widget elementor-widget-text-editor\" data-id=\"c6d21a2\" data-element_type=\"widget\" data-e-type=\"widget\" data-widget_type=\"text-editor.default\">\n\t\t\t\t<div class=\"elementor-widget-container\">\n\t\t\t\t\t\t\t\t\t<p><strong>Article 1 &#8211; Mentions l\u00e9gales<\/strong><br>Donne du Sens Conseil Conjugal et Familial<br>Laurence PONTIER<br>07 56 94 04 94<br>SIRET : 90088753000013<br>Laurence.pontier@donnedusens.fr<br><strong>https:\/\/www.donnedusens.fr\/conseil-conjugal-familial\/<\/strong><\/p>\n<p><strong>Article 2 &#8211; Objectif<\/strong><br>La formulation pr\u00e9cise de l\u2019objectif sera la premi\u00e8re action que le\/la B\u00e9n\u00e9ficiaire et la Conseill\u00e8re se fixeront.<\/p>\n<p><strong>Article 3 &#8211; Modalit\u00e9 pratiques<\/strong><br>Un accompagnement comporte des s\u00e9ances d&rsquo;accompagnement d\u2019une dur\u00e9e d\u20191h00 que la conseill\u00e8re peut prolonger de 15 minutes au maximum, si n\u00e9cessaire.<\/p>\n<p><strong>Article 4 &#8211; Modalit\u00e9 financi\u00e8res<\/strong><br>Le tarif des prestations de Conseill\u00e8re Conjugale et Familiale s&rsquo;\u00e9l\u00e8ve \u00e0 50 \u20ac TTC par s\u00e9ance d&rsquo;1 heure pour un accompagnement individuel et 60 \u20ac TTC par s\u00e9ance d&rsquo;1 heure pour un couple ou une famille quelle que soit la nature de l\u2019entretien. La TVA est non applicable sur les s\u00e9ances de Conseil Conjugal et Familial &#8211; Article 293 B du Code G\u00e9n\u00e9ral des Imp\u00f4ts.<\/p>\n<p><strong>Article 5 &#8211; Confidentialit\u00e9<\/strong><br>Les contenus et r\u00e9sultats personnels des s\u00e9ances appartiennent exclusivement au B\u00e9n\u00e9ficiaire. La Conseill\u00e8re s\u2019engage \u00e0 ne pas transmettre \u00e0 des tiers, sans accord \u00e9crit pr\u00e9alable, les informations port\u00e9es \u00e0 sa connaissance.<\/p>\n<p><strong>Article 6 &#8211; Les devoirs du b\u00e9n\u00e9ficiaire vis-\u00e0-vis de la Conseill\u00e8re<\/strong><br>Le\/la B\u00e9n\u00e9ficiaire est responsable de son engagement personnel dans cette d\u00e9marche ainsi que de sa disponibilit\u00e9 pour sa mise en \u0153uvre. Le\/la B\u00e9n\u00e9ficiaire accepte d\u2019\u00eatre ponctuel aux rendez-vous pris avec la Conseill\u00e8re. En cas de retard qui lui est imputable et qui est inf\u00e9rieur \u00e0 trente minutes, la s\u00e9ance de travail en est d\u2019autant \u00e9court\u00e9e. En cas de retard qui lui est imputable et qui est sup\u00e9rieur \u00e0 trente minutes, elle est annul\u00e9e et factur\u00e9e sans possibilit\u00e9 de report. En cas de report du rendez-vous, le\/la b\u00e9n\u00e9ficiaire en informe la Conseill\u00e8re au minimum 24 heures \u00e0 l\u2019avance. A d\u00e9faut, l\u2019entretien est consid\u00e9r\u00e9 comme r\u00e9alis\u00e9 sans possibilit\u00e9 de report.<\/p>\n<p><strong>Article 7 &#8211; Les devoirs de la Conseill\u00e8re vis-\u00e0-vis du b\u00e9n\u00e9ficiaire<\/strong><br>Conscient de sa position, la Conseill\u00e8re s\u2019interdit d\u2019exercer tout abus d\u2019influence. La Conseill\u00e8re s\u2019astreint au secret professionnel. En cas de retard ou d&rsquo;annulation imputable \u00e0 la Conseill\u00e8re le rendez-vous est annul\u00e9 et int\u00e9gralement rembours\u00e9 au b\u00e9n\u00e9ficiaire.<\/p>\n<p><em><strong>Mise \u00e0 jour le 01.08.2021<\/strong><\/em><\/p>\t\t\t\t\t\t\t\t<\/div>\n\t\t\t\t<\/div>\n\t\t\t\t\t<\/div>\n\t\t<\/div>\n\t\t\t\t\t<\/div>\n\t\t<\/section>\n\t\t\t\t<section class=\"elementor-section elementor-top-section elementor-element elementor-element-4e33d57d elementor-section-boxed elementor-section-height-default elementor-section-height-default\" data-id=\"4e33d57d\" data-element_type=\"section\" data-e-type=\"section\" data-settings=\"{&quot;background_background&quot;:&quot;gradient&quot;}\">\n\t\t\t\t\t\t<div class=\"elementor-container elementor-column-gap-default\">\n\t\t\t\t\t<div class=\"elementor-column elementor-col-50 elementor-top-column elementor-element elementor-element-3ef83c72\" data-id=\"3ef83c72\" data-element_type=\"column\" data-e-type=\"column\">\n\t\t\t<div class=\"elementor-widget-wrap elementor-element-populated\">\n\t\t\t\t\t\t<div class=\"elementor-element elementor-element-3af7c4a0 elementor-widget elementor-widget-image\" data-id=\"3af7c4a0\" data-element_type=\"widget\" data-e-type=\"widget\" data-widget_type=\"image.default\">\n\t\t\t\t<div class=\"elementor-widget-container\">\n\t\t\t\t\t\t\t\t\t\t\t\t\t\t\t<img fetchpriority=\"high\" decoding=\"async\" width=\"800\" height=\"155\" src=\"https:\/\/www.donnedusens.fr\/conseil-conjugal-familial\/wp-content\/uploads\/2021\/07\/logo_Lolo_CCF_big2.png\" class=\"attachment-large size-large wp-image-1201\" alt=\"\" srcset=\"https:\/\/www.donnedusens.fr\/conseil-conjugal-familial\/wp-content\/uploads\/2021\/07\/logo_Lolo_CCF_big2.png 800w, https:\/\/www.donnedusens.fr\/conseil-conjugal-familial\/wp-content\/uploads\/2021\/07\/logo_Lolo_CCF_big2-300x58.png 300w, https:\/\/www.donnedusens.fr\/conseil-conjugal-familial\/wp-content\/uploads\/2021\/07\/logo_Lolo_CCF_big2-768x149.png 768w, https:\/\/www.donnedusens.fr\/conseil-conjugal-familial\/wp-content\/uploads\/2021\/07\/logo_Lolo_CCF_big2-600x116.png 600w\" sizes=\"(max-width: 800px) 100vw, 800px\" \/>\t\t\t\t\t\t\t\t\t\t\t\t\t\t\t<\/div>\n\t\t\t\t<\/div>\n\t\t\t\t\t<\/div>\n\t\t<\/div>\n\t\t\t\t<div class=\"elementor-column elementor-col-50 elementor-top-column elementor-element elementor-element-69cf674d\" data-id=\"69cf674d\" data-element_type=\"column\" data-e-type=\"column\">\n\t\t\t<div class=\"elementor-widget-wrap elementor-element-populated\">\n\t\t\t\t\t\t<div class=\"elementor-element elementor-element-2125561 elementor-shape-rounded elementor-grid-0 e-grid-align-center elementor-widget elementor-widget-social-icons\" data-id=\"2125561\" data-element_type=\"widget\" data-e-type=\"widget\" data-widget_type=\"social-icons.default\">\n\t\t\t\t<div class=\"elementor-widget-container\">\n\t\t\t\t\t\t\t<div class=\"elementor-social-icons-wrapper elementor-grid\" role=\"list\">\n\t\t\t\t\t\t\t<span class=\"elementor-grid-item\" role=\"listitem\">\n\t\t\t\t\t<a class=\"elementor-icon elementor-social-icon elementor-social-icon-facebook elementor-animation-pop elementor-repeater-item-13393e9\" href=\"https:\/\/www.facebook.com\/ccf.laurence.pontier\/\" target=\"_blank\">\n\t\t\t\t\t\t<span class=\"elementor-screen-only\">Facebook<\/span>\n\t\t\t\t\t\t<i aria-hidden=\"true\" class=\"fab fa-facebook\"><\/i>\t\t\t\t\t<\/a>\n\t\t\t\t<\/span>\n\t\t\t\t\t\t\t<span class=\"elementor-grid-item\" role=\"listitem\">\n\t\t\t\t\t<a class=\"elementor-icon elementor-social-icon elementor-social-icon-instagram elementor-animation-pop elementor-repeater-item-962bcd2\" href=\"https:\/\/www.instagram.com\/ccf_laurence_pontier\/\" target=\"_blank\">\n\t\t\t\t\t\t<span class=\"elementor-screen-only\">Instagram<\/span>\n\t\t\t\t\t\t<i aria-hidden=\"true\" class=\"fab fa-instagram\"><\/i>\t\t\t\t\t<\/a>\n\t\t\t\t<\/span>\n\t\t\t\t\t\t\t<span class=\"elementor-grid-item\" role=\"listitem\">\n\t\t\t\t\t<a class=\"elementor-icon elementor-social-icon elementor-social-icon-linkedin elementor-animation-pop elementor-repeater-item-bbe0f49\" href=\"https:\/\/www.linkedin.com\/in\/laurence-pontier-957309219\/\" target=\"_blank\">\n\t\t\t\t\t\t<span class=\"elementor-screen-only\">Linkedin<\/span>\n\t\t\t\t\t\t<i aria-hidden=\"true\" class=\"fab fa-linkedin\"><\/i>\t\t\t\t\t<\/a>\n\t\t\t\t<\/span>\n\t\t\t\t\t<\/div>\n\t\t\t\t\t\t<\/div>\n\t\t\t\t<\/div>\n\t\t\t\t<div class=\"elementor-element elementor-element-3102a4ca elementor-widget elementor-widget-nav-menu\" data-id=\"3102a4ca\" data-element_type=\"widget\" data-e-type=\"widget\" data-widget_type=\"nav-menu.default\">\n\t\t\t\t<div class=\"elementor-widget-container\">\n\t\t\t\t\t \t\t\t\t<\/div>\n\t\t\t\t<\/div>\n\t\t\t\t<div class=\"elementor-element elementor-element-f9dbcc0 elementor-widget elementor-widget-text-editor\" data-id=\"f9dbcc0\" data-element_type=\"widget\" data-e-type=\"widget\" data-widget_type=\"text-editor.default\">\n\t\t\t\t<div class=\"elementor-widget-container\">\n\t\t\t\t\t\t\t\t\t<p style=\"text-align: center;\"><a href=\"\/conseil-conjugal-familial\/cgv\/\"><span style=\"color: #ff9600;\">CGV<\/span><\/a> | <a href=\"\/conseil-conjugal-familial\/pdc\/\"><span style=\"color: #ff9600;\">Politique de Confidentialit\u00e9<\/span><\/a><\/p>\t\t\t\t\t\t\t\t<\/div>\n\t\t\t\t<\/div>\n\t\t\t\t<div class=\"elementor-element elementor-element-ea1522e elementor-widget elementor-widget-html\" data-id=\"ea1522e\" data-element_type=\"widget\" data-e-type=\"widget\" data-widget_type=\"html.default\">\n\t\t\t\t<div class=\"elementor-widget-container\">\n\t\t\t\t\t        <script type=\"text\/javascript\">\r\n        tarteaucitron.user.analyticsUa = 'UA-68991671-6';\r\n        tarteaucitron.user.analyticsMore = function () { \/* optionnal ga.push() *\/ };\r\n        tarteaucitron.user.analyticsUaCreate = { \/* optionnal create configuration *\/ };\r\n        tarteaucitron.user.analyticsAnonymizeIp = true;\r\n        tarteaucitron.user.analyticsPageView = { \/* optionnal pageview configuration *\/ };\r\n        tarteaucitron.user.analyticsMore = function () { \/* optionnal ga.push() *\/ };\r\n        (tarteaucitron.job = tarteaucitron.job || []).push('analytics');\r\n        <\/script>\t\t\t\t<\/div>\n\t\t\t\t<\/div>\n\t\t\t\t\t<\/div>\n\t\t<\/div>\n\t\t\t\t\t<\/div>\n\t\t<\/section>\n\t\t\t\t<\/div>\n\t\t","protected":false},"excerpt":{"rendered":"<p>CONDITIONS G\u00c9N\u00c9RALES DE VENTE Article 1 &#8211; Mentions l\u00e9galesDonne du Sens Conseil Conjugal et FamilialLaurence PONTIER07 56 94 04 94SIRET : 90088753000013Laurence.pontier@donnedusens.frhttps:\/\/www.donnedusens.fr\/conseil-conjugal-familial\/ Article 2 &#8211; ObjectifLa formulation pr\u00e9cise de l\u2019objectif sera la premi\u00e8re action que le\/la B\u00e9n\u00e9ficiaire et la Conseill\u00e8re se fixeront. Article 3 &#8211; Modalit\u00e9 pratiquesUn accompagnement comporte des s\u00e9ances d&rsquo;accompagnement d\u2019une dur\u00e9e d\u20191h00 [&hellip;]<\/p>\n","protected":false},"author":1,"featured_media":0,"parent":0,"menu_order":0,"comment_status":"closed","ping_status":"closed","template":"elementor_canvas","meta":{"footnotes":""},"class_list":["post-1437","page","type-page","status-publish","hentry"],"yoast_head":"<!-- This site is optimized with the Yoast SEO plugin v27.5 - https:\/\/yoast.com\/product\/yoast-seo-wordpress\/ -->\n<title>cgv - Laurence PONTIER<\/title>\n<meta name=\"description\" content=\"Donne Du Sens - Conditions G\u00e9n\u00e9rales de Vente\" \/>\n<meta name=\"robots\" content=\"index, follow, max-snippet:-1, max-image-preview:large, max-video-preview:-1\" \/>\n<link rel=\"canonical\" href=\"https:\/\/www.donnedusens.fr\/conseil-conjugal-familial\/cgv\/\" \/>\n<meta property=\"og:locale\" content=\"fr_FR\" \/>\n<meta property=\"og:type\" content=\"article\" \/>\n<meta property=\"og:title\" content=\"cgv - Laurence PONTIER\" \/>\n<meta property=\"og:description\" content=\"Donne Du Sens - Conditions G\u00e9n\u00e9rales de Vente\" \/>\n<meta property=\"og:url\" content=\"https:\/\/www.donnedusens.fr\/conseil-conjugal-familial\/cgv\/\" \/>\n<meta property=\"og:site_name\" content=\"Laurence PONTIER\" \/>\n<meta property=\"article:publisher\" content=\"https:\/\/www.facebook.com\/ccf.laurence.pontier\/\" \/>\n<meta property=\"article:modified_time\" content=\"2021-08-05T17:16:09+00:00\" \/>\n<meta property=\"og:image\" content=\"https:\/\/www.donnedusens.fr\/conseil-conjugal-familial\/wp-content\/uploads\/2021\/07\/logo_Lolo_CCF_big2.png\" \/>\n<meta name=\"twitter:card\" content=\"summary_large_image\" \/>\n<meta name=\"twitter:label1\" content=\"Dur\u00e9e de lecture estim\u00e9e\" \/>\n\t<meta name=\"twitter:data1\" content=\"4 minutes\" \/>\n<script type=\"application\/ld+json\" class=\"yoast-schema-graph\">{\"@context\":\"https:\\\/\\\/schema.org\",\"@graph\":[{\"@type\":\"WebPage\",\"@id\":\"https:\\\/\\\/www.donnedusens.fr\\\/conseil-conjugal-familial\\\/cgv\\\/\",\"url\":\"https:\\\/\\\/www.donnedusens.fr\\\/conseil-conjugal-familial\\\/cgv\\\/\",\"name\":\"cgv - Laurence PONTIER\",\"isPartOf\":{\"@id\":\"https:\\\/\\\/www.donnedusens.fr\\\/conseil-conjugal-familial\\\/#website\"},\"primaryImageOfPage\":{\"@id\":\"https:\\\/\\\/www.donnedusens.fr\\\/conseil-conjugal-familial\\\/cgv\\\/#primaryimage\"},\"image\":{\"@id\":\"https:\\\/\\\/www.donnedusens.fr\\\/conseil-conjugal-familial\\\/cgv\\\/#primaryimage\"},\"thumbnailUrl\":\"https:\\\/\\\/www.donnedusens.fr\\\/conseil-conjugal-familial\\\/wp-content\\\/uploads\\\/2021\\\/07\\\/logo_Lolo_CCF_big2.png\",\"datePublished\":\"2021-08-01T10:07:00+00:00\",\"dateModified\":\"2021-08-05T17:16:09+00:00\",\"description\":\"Donne Du Sens - Conditions G\u00e9n\u00e9rales de Vente\",\"breadcrumb\":{\"@id\":\"https:\\\/\\\/www.donnedusens.fr\\\/conseil-conjugal-familial\\\/cgv\\\/#breadcrumb\"},\"inLanguage\":\"fr-FR\",\"potentialAction\":[{\"@type\":\"ReadAction\",\"target\":[\"https:\\\/\\\/www.donnedusens.fr\\\/conseil-conjugal-familial\\\/cgv\\\/\"]}]},{\"@type\":\"ImageObject\",\"inLanguage\":\"fr-FR\",\"@id\":\"https:\\\/\\\/www.donnedusens.fr\\\/conseil-conjugal-familial\\\/cgv\\\/#primaryimage\",\"url\":\"https:\\\/\\\/www.donnedusens.fr\\\/conseil-conjugal-familial\\\/wp-content\\\/uploads\\\/2021\\\/07\\\/logo_Lolo_CCF_big2.png\",\"contentUrl\":\"https:\\\/\\\/www.donnedusens.fr\\\/conseil-conjugal-familial\\\/wp-content\\\/uploads\\\/2021\\\/07\\\/logo_Lolo_CCF_big2.png\",\"width\":800,\"height\":155},{\"@type\":\"BreadcrumbList\",\"@id\":\"https:\\\/\\\/www.donnedusens.fr\\\/conseil-conjugal-familial\\\/cgv\\\/#breadcrumb\",\"itemListElement\":[{\"@type\":\"ListItem\",\"position\":1,\"name\":\"Accueil\",\"item\":\"https:\\\/\\\/www.donnedusens.fr\\\/conseil-conjugal-familial\\\/\"},{\"@type\":\"ListItem\",\"position\":2,\"name\":\"cgv\"}]},{\"@type\":\"WebSite\",\"@id\":\"https:\\\/\\\/www.donnedusens.fr\\\/conseil-conjugal-familial\\\/#website\",\"url\":\"https:\\\/\\\/www.donnedusens.fr\\\/conseil-conjugal-familial\\\/\",\"name\":\"Laurence PONTIER - Conseil Conjugal et Familial\",\"description\":\"Conseil Conjugal et Familial\",\"publisher\":{\"@id\":\"https:\\\/\\\/www.donnedusens.fr\\\/conseil-conjugal-familial\\\/#organization\"},\"potentialAction\":[{\"@type\":\"SearchAction\",\"target\":{\"@type\":\"EntryPoint\",\"urlTemplate\":\"https:\\\/\\\/www.donnedusens.fr\\\/conseil-conjugal-familial\\\/?s={search_term_string}\"},\"query-input\":{\"@type\":\"PropertyValueSpecification\",\"valueRequired\":true,\"valueName\":\"search_term_string\"}}],\"inLanguage\":\"fr-FR\"},{\"@type\":\"Organization\",\"@id\":\"https:\\\/\\\/www.donnedusens.fr\\\/conseil-conjugal-familial\\\/#organization\",\"name\":\"Conseil Conjugal et familial\",\"url\":\"https:\\\/\\\/www.donnedusens.fr\\\/conseil-conjugal-familial\\\/\",\"logo\":{\"@type\":\"ImageObject\",\"inLanguage\":\"fr-FR\",\"@id\":\"https:\\\/\\\/www.donnedusens.fr\\\/conseil-conjugal-familial\\\/#\\\/schema\\\/logo\\\/image\\\/\",\"url\":\"https:\\\/\\\/www.donnedusens.fr\\\/conseil-conjugal-familial\\\/wp-content\\\/uploads\\\/2021\\\/08\\\/logo-conseil-conjugal-et-familial.png\",\"contentUrl\":\"https:\\\/\\\/www.donnedusens.fr\\\/conseil-conjugal-familial\\\/wp-content\\\/uploads\\\/2021\\\/08\\\/logo-conseil-conjugal-et-familial.png\",\"width\":800,\"height\":155,\"caption\":\"Conseil Conjugal et familial\"},\"image\":{\"@id\":\"https:\\\/\\\/www.donnedusens.fr\\\/conseil-conjugal-familial\\\/#\\\/schema\\\/logo\\\/image\\\/\"},\"sameAs\":[\"https:\\\/\\\/www.facebook.com\\\/ccf.laurence.pontier\\\/\",\"https:\\\/\\\/www.instagram.com\\\/ccf_laurence_pontier\\\/\",\"https:\\\/\\\/www.linkedin.com\\\/in\\\/laurence-pontier-957309219\\\/\"]}]}<\/script>\n<!-- \/ Yoast SEO plugin. -->","yoast_head_json":{"title":"cgv - Laurence PONTIER","description":"Donne Du Sens - Conditions G\u00e9n\u00e9rales de Vente","robots":{"index":"index","follow":"follow","max-snippet":"max-snippet:-1","max-image-preview":"max-image-preview:large","max-video-preview":"max-video-preview:-1"},"canonical":"https:\/\/www.donnedusens.fr\/conseil-conjugal-familial\/cgv\/","og_locale":"fr_FR","og_type":"article","og_title":"cgv - Laurence PONTIER","og_description":"Donne Du Sens - Conditions G\u00e9n\u00e9rales de Vente","og_url":"https:\/\/www.donnedusens.fr\/conseil-conjugal-familial\/cgv\/","og_site_name":"Laurence PONTIER","article_publisher":"https:\/\/www.facebook.com\/ccf.laurence.pontier\/","article_modified_time":"2021-08-05T17:16:09+00:00","og_image":[{"url":"https:\/\/www.donnedusens.fr\/conseil-conjugal-familial\/wp-content\/uploads\/2021\/07\/logo_Lolo_CCF_big2.png","type":"","width":"","height":""}],"twitter_card":"summary_large_image","twitter_misc":{"Dur\u00e9e de lecture estim\u00e9e":"4 minutes"},"schema":{"@context":"https:\/\/schema.org","@graph":[{"@type":"WebPage","@id":"https:\/\/www.donnedusens.fr\/conseil-conjugal-familial\/cgv\/","url":"https:\/\/www.donnedusens.fr\/conseil-conjugal-familial\/cgv\/","name":"cgv - Laurence PONTIER","isPartOf":{"@id":"https:\/\/www.donnedusens.fr\/conseil-conjugal-familial\/#website"},"primaryImageOfPage":{"@id":"https:\/\/www.donnedusens.fr\/conseil-conjugal-familial\/cgv\/#primaryimage"},"image":{"@id":"https:\/\/www.donnedusens.fr\/conseil-conjugal-familial\/cgv\/#primaryimage"},"thumbnailUrl":"https:\/\/www.donnedusens.fr\/conseil-conjugal-familial\/wp-content\/uploads\/2021\/07\/logo_Lolo_CCF_big2.png","datePublished":"2021-08-01T10:07:00+00:00","dateModified":"2021-08-05T17:16:09+00:00","description":"Donne Du Sens - Conditions G\u00e9n\u00e9rales de Vente","breadcrumb":{"@id":"https:\/\/www.donnedusens.fr\/conseil-conjugal-familial\/cgv\/#breadcrumb"},"inLanguage":"fr-FR","potentialAction":[{"@type":"ReadAction","target":["https:\/\/www.donnedusens.fr\/conseil-conjugal-familial\/cgv\/"]}]},{"@type":"ImageObject","inLanguage":"fr-FR","@id":"https:\/\/www.donnedusens.fr\/conseil-conjugal-familial\/cgv\/#primaryimage","url":"https:\/\/www.donnedusens.fr\/conseil-conjugal-familial\/wp-content\/uploads\/2021\/07\/logo_Lolo_CCF_big2.png","contentUrl":"https:\/\/www.donnedusens.fr\/conseil-conjugal-familial\/wp-content\/uploads\/2021\/07\/logo_Lolo_CCF_big2.png","width":800,"height":155},{"@type":"BreadcrumbList","@id":"https:\/\/www.donnedusens.fr\/conseil-conjugal-familial\/cgv\/#breadcrumb","itemListElement":[{"@type":"ListItem","position":1,"name":"Accueil","item":"https:\/\/www.donnedusens.fr\/conseil-conjugal-familial\/"},{"@type":"ListItem","position":2,"name":"cgv"}]},{"@type":"WebSite","@id":"https:\/\/www.donnedusens.fr\/conseil-conjugal-familial\/#website","url":"https:\/\/www.donnedusens.fr\/conseil-conjugal-familial\/","name":"Laurence PONTIER - Conseil Conjugal et Familial","description":"Conseil Conjugal et Familial","publisher":{"@id":"https:\/\/www.donnedusens.fr\/conseil-conjugal-familial\/#organization"},"potentialAction":[{"@type":"SearchAction","target":{"@type":"EntryPoint","urlTemplate":"https:\/\/www.donnedusens.fr\/conseil-conjugal-familial\/?s={search_term_string}"},"query-input":{"@type":"PropertyValueSpecification","valueRequired":true,"valueName":"search_term_string"}}],"inLanguage":"fr-FR"},{"@type":"Organization","@id":"https:\/\/www.donnedusens.fr\/conseil-conjugal-familial\/#organization","name":"Conseil Conjugal et familial","url":"https:\/\/www.donnedusens.fr\/conseil-conjugal-familial\/","logo":{"@type":"ImageObject","inLanguage":"fr-FR","@id":"https:\/\/www.donnedusens.fr\/conseil-conjugal-familial\/#\/schema\/logo\/image\/","url":"https:\/\/www.donnedusens.fr\/conseil-conjugal-familial\/wp-content\/uploads\/2021\/08\/logo-conseil-conjugal-et-familial.png","contentUrl":"https:\/\/www.donnedusens.fr\/conseil-conjugal-familial\/wp-content\/uploads\/2021\/08\/logo-conseil-conjugal-et-familial.png","width":800,"height":155,"caption":"Conseil Conjugal et familial"},"image":{"@id":"https:\/\/www.donnedusens.fr\/conseil-conjugal-familial\/#\/schema\/logo\/image\/"},"sameAs":["https:\/\/www.facebook.com\/ccf.laurence.pontier\/","https:\/\/www.instagram.com\/ccf_laurence_pontier\/","https:\/\/www.linkedin.com\/in\/laurence-pontier-957309219\/"]}]}},"_links":{"self":[{"href":"https:\/\/www.donnedusens.fr\/conseil-conjugal-familial\/wp-json\/wp\/v2\/pages\/1437","targetHints":{"allow":["GET"]}}],"collection":[{"href":"https:\/\/www.donnedusens.fr\/conseil-conjugal-familial\/wp-json\/wp\/v2\/pages"}],"about":[{"href":"https:\/\/www.donnedusens.fr\/conseil-conjugal-familial\/wp-json\/wp\/v2\/types\/page"}],"author":[{"embeddable":true,"href":"https:\/\/www.donnedusens.fr\/conseil-conjugal-familial\/wp-json\/wp\/v2\/users\/1"}],"replies":[{"embeddable":true,"href":"https:\/\/www.donnedusens.fr\/conseil-conjugal-familial\/wp-json\/wp\/v2\/comments?post=1437"}],"version-history":[{"count":37,"href":"https:\/\/www.donnedusens.fr\/conseil-conjugal-familial\/wp-json\/wp\/v2\/pages\/1437\/revisions"}],"predecessor-version":[{"id":1992,"href":"https:\/\/www.donnedusens.fr\/conseil-conjugal-familial\/wp-json\/wp\/v2\/pages\/1437\/revisions\/1992"}],"wp:attachment":[{"href":"https:\/\/www.donnedusens.fr\/conseil-conjugal-familial\/wp-json\/wp\/v2\/media?parent=1437"}],"curies":[{"name":"wp","href":"https:\/\/api.w.org\/{rel}","templated":true}]}}